{"id":7882,"date":"2020-09-27T16:14:29","date_gmt":"2020-09-27T20:14:29","guid":{"rendered":"https:\/\/everestfinancial.ca\/contact\/"},"modified":"2020-12-15T14:43:56","modified_gmt":"2020-12-15T19:43:56","slug":"communiquez-avec-nous","status":"publish","type":"page","link":"https:\/\/everestfinancial.ca\/fr\/communiquez-avec-nous\/","title":{"rendered":"Communiquez avec nous"},"content":{"rendered":"<p>[et_pb_section fb_built=\u00a0\u00bb1&Prime; module_class=\u00a0\u00bbpageTitles contact\u00a0\u00bb _builder_version=\u00a0\u00bb4.7.4&Prime; _module_preset=\u00a0\u00bbdefault\u00a0\u00bb background_image=\u00a0\u00bbhttps:\/\/everestfinancial.ca\/wp-content\/uploads\/2020\/10\/EverestFinancialServices_Contact.jpg\u00a0\u00bb height=\u00a0\u00bb600px\u00a0\u00bb][et_pb_row _builder_version=\u00a0\u00bb4.7.4&Prime; _module_preset=\u00a0\u00bbdefault\u00a0\u00bb module_alignment=\u00a0\u00bbcenter\u00a0\u00bb custom_padding=\u00a0\u00bb70px|||0px||\u00a0\u00bb][et_pb_column type=\u00a0\u00bb4_4&Prime; _builder_version=\u00a0\u00bb4.6.5&Prime; _module_preset=\u00a0\u00bbdefault\u00a0\u00bb][et_pb_text _builder_version=\u00a0\u00bb4.7.3&Prime; _module_preset=\u00a0\u00bbdefault\u00a0\u00bb text_text_color=\u00a0\u00bb#ffffff\u00a0\u00bb text_font_size=\u00a0\u00bb24px\u00a0\u00bb text_line_height=\u00a0\u00bb30px\u00a0\u00bb header_text_color=\u00a0\u00bb#ffffff\u00a0\u00bb header_font_size=\u00a0\u00bb42px\u00a0\u00bb text_orientation=\u00a0\u00bbcenter\u00a0\u00bb max_width=\u00a0\u00bb700px\u00a0\u00bb custom_margin=\u00a0\u00bb|auto||auto|false|false\u00a0\u00bb text_text_shadow_style=\u00a0\u00bbpreset3&Prime;]<\/p>\n<h1>Communiquez avec nous<\/h1>\n<p class=\"Body\">Nous savons \u00e0 quel point il peut \u00eatre difficile de choisir <i>le bon<\/i> conseiller financier. Voyons si nous sommes faits pour bien travailler ensemble.<\/p>\n<p>[\/et_pb_text][\/et_pb_column][\/et_pb_row][\/et_pb_section][et_pb_section fb_built=\u00a0\u00bb1&Prime; module_class=\u00a0\u00bblrDiagonal contact\u00a0\u00bb _builder_version=\u00a0\u00bb4.7.4&Prime; _module_preset=\u00a0\u00bbdefault\u00a0\u00bb height=\u00a0\u00bb300px\u00a0\u00bb custom_margin=\u00a0\u00bb-220px||||false|false\u00a0\u00bb][\/et_pb_section][et_pb_section fb_built=\u00a0\u00bb1&Prime; _builder_version=\u00a0\u00bb4.7.3&Prime; _module_preset=\u00a0\u00bbdefault\u00a0\u00bb custom_margin=\u00a0\u00bb-220px||||false|false\u00a0\u00bb custom_padding=\u00a0\u00bb0px|||||\u00a0\u00bb][et_pb_row _builder_version=\u00a0\u00bb4.6.5&Prime; _module_preset=\u00a0\u00bbdefault\u00a0\u00bb min_height=\u00a0\u00bb131px\u00a0\u00bb custom_margin=\u00a0\u00bb0px||0px||false|false\u00a0\u00bb custom_padding=\u00a0\u00bb0px||0px||false|false\u00a0\u00bb][et_pb_column type=\u00a0\u00bb4_4&Prime; _builder_version=\u00a0\u00bb4.6.5&Prime; _module_preset=\u00a0\u00bbdefault\u00a0\u00bb][et_pb_text _builder_version=\u00a0\u00bb4.7.7&Prime; _module_preset=\u00a0\u00bbdefault\u00a0\u00bb header_font_size=\u00a0\u00bb42px\u00a0\u00bb text_orientation=\u00a0\u00bbcenter\u00a0\u00bb max_width=\u00a0\u00bb700px\u00a0\u00bb module_alignment=\u00a0\u00bbcenter\u00a0\u00bb custom_margin=\u00a0\u00bb||20px||false|false\u00a0\u00bb hover_enabled=\u00a0\u00bb0&Prime; sticky_enabled=\u00a0\u00bb0&Prime;]<\/p>\n<p class=\"br\"><strong>Veuillez <!-- Calendly link widget begin -->\n\t<link href=\"https:\/\/assets.calendly.com\/assets\/external\/widget.css\" rel=\"stylesheet\">\n<script src=\"https:\/\/assets.calendly.com\/assets\/external\/widget.js\" type=\"text\/javascript\"><\/script><br \/>\n<a href=\"\" onclick=\"Calendly.initPopupWidget({url: 'https:\/\/calendly.com\/everestfinancialservices'});return false;\">cliquer ici<\/a><br \/>\n<!-- Calendly link widget end --> pour r\u00e9server votre consultation GRATUITE de 30 minutes avec Steven<\/strong> ou fournir vos coordonn\u00e9es ci-dessous, et nous communiquerons avec vous le plus rapidement possible.<\/p>\n<p>Vous pouvez aussi joindre Steven directement au <a href=\"tel:5146098313\" style=\"white-space: nowrap;\">514-609-8313<\/a> ou \u00e0 <a href=\"mailto:steven.persaud@smwm.ca\">steven.persaud@smwm.ca<\/a>[\/et_pb_text][\/et_pb_column][\/et_pb_row][et_pb_row _builder_version=\u00a0\u00bb4.6.5&Prime; _module_preset=\u00a0\u00bbdefault\u00a0\u00bb][et_pb_column type=\u00a0\u00bb4_4&Prime; _builder_version=\u00a0\u00bb4.6.5&Prime; _module_preset=\u00a0\u00bbdefault\u00a0\u00bb][et_pb_contact_form captcha=\u00a0\u00bboff\u00a0\u00bb email=\u00a0\u00bbsteven.persaud@smwm.ca\u00a0\u00bb submit_button_text=\u00a0\u00bbSOUMETTRE\u00a0\u00bb _builder_version=\u00a0\u00bb4.7.3&Prime; _module_preset=\u00a0\u00bbdefault\u00a0\u00bb form_field_background_color=\u00a0\u00bb#e6e9ec\u00a0\u00bb border_width_all=\u00a0\u00bb1px\u00a0\u00bb border_color_all=\u00a0\u00bb#3ea2d6&Prime;][et_pb_contact_field field_id=\u00a0\u00bbfirstName\u00a0\u00bb field_title=\u00a0\u00bbPr\u00e9nom\u00a0\u00bb _builder_version=\u00a0\u00bb4.7.3&Prime; button_text_size__hover_enabled=\u00a0\u00bboff\u00a0\u00bb button_one_text_size__hover_enabled=\u00a0\u00bboff\u00a0\u00bb button_two_text_size__hover_enabled=\u00a0\u00bboff\u00a0\u00bb button_text_color__hover_enabled=\u00a0\u00bboff\u00a0\u00bb button_one_text_color__hover_enabled=\u00a0\u00bboff\u00a0\u00bb button_two_text_color__hover_enabled=\u00a0\u00bboff\u00a0\u00bb button_border_width__hover_enabled=\u00a0\u00bboff\u00a0\u00bb button_one_border_width__hover_enabled=\u00a0\u00bboff\u00a0\u00bb button_two_border_width__hover_enabled=\u00a0\u00bboff\u00a0\u00bb button_border_color__hover_enabled=\u00a0\u00bboff\u00a0\u00bb button_one_border_color__hover_enabled=\u00a0\u00bboff\u00a0\u00bb button_two_border_color__hover_enabled=\u00a0\u00bboff\u00a0\u00bb button_border_radius__hover_enabled=\u00a0\u00bboff\u00a0\u00bb button_one_border_radius__hover_enabled=\u00a0\u00bboff\u00a0\u00bb button_two_border_radius__hover_enabled=\u00a0\u00bboff\u00a0\u00bb button_letter_spacing__hover_enabled=\u00a0\u00bboff\u00a0\u00bb button_one_letter_spacing__hover_enabled=\u00a0\u00bboff\u00a0\u00bb button_two_letter_spacing__hover_enabled=\u00a0\u00bboff\u00a0\u00bb button_bg_color__hover_enabled=\u00a0\u00bboff\u00a0\u00bb button_one_bg_color__hover_enabled=\u00a0\u00bboff\u00a0\u00bb button_two_bg_color__hover_enabled=\u00a0\u00bboff\u00a0\u00bb][\/et_pb_contact_field][et_pb_contact_field field_id=\u00a0\u00bblastName\u00a0\u00bb field_title=\u00a0\u00bbNom\u00a0\u00bb _builder_version=\u00a0\u00bb4.7.3&Prime; button_text_size__hover_enabled=\u00a0\u00bboff\u00a0\u00bb button_one_text_size__hover_enabled=\u00a0\u00bboff\u00a0\u00bb button_two_text_size__hover_enabled=\u00a0\u00bboff\u00a0\u00bb button_text_color__hover_enabled=\u00a0\u00bboff\u00a0\u00bb button_one_text_color__hover_enabled=\u00a0\u00bboff\u00a0\u00bb button_two_text_color__hover_enabled=\u00a0\u00bboff\u00a0\u00bb button_border_width__hover_enabled=\u00a0\u00bboff\u00a0\u00bb button_one_border_width__hover_enabled=\u00a0\u00bboff\u00a0\u00bb button_two_border_width__hover_enabled=\u00a0\u00bboff\u00a0\u00bb button_border_color__hover_enabled=\u00a0\u00bboff\u00a0\u00bb button_one_border_color__hover_enabled=\u00a0\u00bboff\u00a0\u00bb button_two_border_color__hover_enabled=\u00a0\u00bboff\u00a0\u00bb button_border_radius__hover_enabled=\u00a0\u00bboff\u00a0\u00bb button_one_border_radius__hover_enabled=\u00a0\u00bboff\u00a0\u00bb button_two_border_radius__hover_enabled=\u00a0\u00bboff\u00a0\u00bb button_letter_spacing__hover_enabled=\u00a0\u00bboff\u00a0\u00bb button_one_letter_spacing__hover_enabled=\u00a0\u00bboff\u00a0\u00bb button_two_letter_spacing__hover_enabled=\u00a0\u00bboff\u00a0\u00bb button_bg_color__hover_enabled=\u00a0\u00bboff\u00a0\u00bb button_one_bg_color__hover_enabled=\u00a0\u00bboff\u00a0\u00bb button_two_bg_color__hover_enabled=\u00a0\u00bboff\u00a0\u00bb][\/et_pb_contact_field][et_pb_contact_field field_id=\u00a0\u00bbEmail\u00a0\u00bb field_title=\u00a0\u00bbAdresse courriel\u00a0\u00bb field_type=\u00a0\u00bbemail\u00a0\u00bb _builder_version=\u00a0\u00bb4.7.3&Prime; button_text_size__hover_enabled=\u00a0\u00bboff\u00a0\u00bb button_one_text_size__hover_enabled=\u00a0\u00bboff\u00a0\u00bb button_two_text_size__hover_enabled=\u00a0\u00bboff\u00a0\u00bb button_text_color__hover_enabled=\u00a0\u00bboff\u00a0\u00bb button_one_text_color__hover_enabled=\u00a0\u00bboff\u00a0\u00bb button_two_text_color__hover_enabled=\u00a0\u00bboff\u00a0\u00bb button_border_width__hover_enabled=\u00a0\u00bboff\u00a0\u00bb button_one_border_width__hover_enabled=\u00a0\u00bboff\u00a0\u00bb button_two_border_width__hover_enabled=\u00a0\u00bboff\u00a0\u00bb button_border_color__hover_enabled=\u00a0\u00bboff\u00a0\u00bb button_one_border_color__hover_enabled=\u00a0\u00bboff\u00a0\u00bb button_two_border_color__hover_enabled=\u00a0\u00bboff\u00a0\u00bb button_border_radius__hover_enabled=\u00a0\u00bboff\u00a0\u00bb button_one_border_radius__hover_enabled=\u00a0\u00bboff\u00a0\u00bb button_two_border_radius__hover_enabled=\u00a0\u00bboff\u00a0\u00bb button_letter_spacing__hover_enabled=\u00a0\u00bboff\u00a0\u00bb button_one_letter_spacing__hover_enabled=\u00a0\u00bboff\u00a0\u00bb button_two_letter_spacing__hover_enabled=\u00a0\u00bboff\u00a0\u00bb button_bg_color__hover_enabled=\u00a0\u00bboff\u00a0\u00bb button_one_bg_color__hover_enabled=\u00a0\u00bboff\u00a0\u00bb button_two_bg_color__hover_enabled=\u00a0\u00bboff\u00a0\u00bb][\/et_pb_contact_field][et_pb_contact_field field_id=\u00a0\u00bbPhone\u00a0\u00bb field_title=\u00a0\u00bbNo de t\u00e9l\u00e9phone\u00a0\u00bb min_length=\u00a0\u00bb10&Prime; max_length=\u00a0\u00bb10&Prime; allowed_symbols=\u00a0\u00bbnumbers\u00a0\u00bb _builder_version=\u00a0\u00bb4.7.3&Prime; button_text_size__hover_enabled=\u00a0\u00bboff\u00a0\u00bb button_one_text_size__hover_enabled=\u00a0\u00bboff\u00a0\u00bb button_two_text_size__hover_enabled=\u00a0\u00bboff\u00a0\u00bb button_text_color__hover_enabled=\u00a0\u00bboff\u00a0\u00bb button_one_text_color__hover_enabled=\u00a0\u00bboff\u00a0\u00bb button_two_text_color__hover_enabled=\u00a0\u00bboff\u00a0\u00bb button_border_width__hover_enabled=\u00a0\u00bboff\u00a0\u00bb button_one_border_width__hover_enabled=\u00a0\u00bboff\u00a0\u00bb button_two_border_width__hover_enabled=\u00a0\u00bboff\u00a0\u00bb button_border_color__hover_enabled=\u00a0\u00bboff\u00a0\u00bb button_one_border_color__hover_enabled=\u00a0\u00bboff\u00a0\u00bb button_two_border_color__hover_enabled=\u00a0\u00bboff\u00a0\u00bb button_border_radius__hover_enabled=\u00a0\u00bboff\u00a0\u00bb button_one_border_radius__hover_enabled=\u00a0\u00bboff\u00a0\u00bb button_two_border_radius__hover_enabled=\u00a0\u00bboff\u00a0\u00bb button_letter_spacing__hover_enabled=\u00a0\u00bboff\u00a0\u00bb button_one_letter_spacing__hover_enabled=\u00a0\u00bboff\u00a0\u00bb button_two_letter_spacing__hover_enabled=\u00a0\u00bboff\u00a0\u00bb button_bg_color__hover_enabled=\u00a0\u00bboff\u00a0\u00bb button_one_bg_color__hover_enabled=\u00a0\u00bboff\u00a0\u00bb button_two_bg_color__hover_enabled=\u00a0\u00bboff\u00a0\u00bb][\/et_pb_contact_field][et_pb_contact_field field_id=\u00a0\u00bbMessage\u00a0\u00bb field_title=\u00a0\u00bbMessage\u00a0\u00bb field_type=\u00a0\u00bbtext\u00a0\u00bb fullwidth_field=\u00a0\u00bbon\u00a0\u00bb _builder_version=\u00a0\u00bb4.7.3&Prime; button_text_size__hover_enabled=\u00a0\u00bboff\u00a0\u00bb button_one_text_size__hover_enabled=\u00a0\u00bboff\u00a0\u00bb button_two_text_size__hover_enabled=\u00a0\u00bboff\u00a0\u00bb button_text_color__hover_enabled=\u00a0\u00bboff\u00a0\u00bb button_one_text_color__hover_enabled=\u00a0\u00bboff\u00a0\u00bb button_two_text_color__hover_enabled=\u00a0\u00bboff\u00a0\u00bb button_border_width__hover_enabled=\u00a0\u00bboff\u00a0\u00bb button_one_border_width__hover_enabled=\u00a0\u00bboff\u00a0\u00bb button_two_border_width__hover_enabled=\u00a0\u00bboff\u00a0\u00bb button_border_color__hover_enabled=\u00a0\u00bboff\u00a0\u00bb button_one_border_color__hover_enabled=\u00a0\u00bboff\u00a0\u00bb button_two_border_color__hover_enabled=\u00a0\u00bboff\u00a0\u00bb button_border_radius__hover_enabled=\u00a0\u00bboff\u00a0\u00bb button_one_border_radius__hover_enabled=\u00a0\u00bboff\u00a0\u00bb button_two_border_radius__hover_enabled=\u00a0\u00bboff\u00a0\u00bb button_letter_spacing__hover_enabled=\u00a0\u00bboff\u00a0\u00bb button_one_letter_spacing__hover_enabled=\u00a0\u00bboff\u00a0\u00bb button_two_letter_spacing__hover_enabled=\u00a0\u00bboff\u00a0\u00bb button_bg_color__hover_enabled=\u00a0\u00bboff\u00a0\u00bb button_one_bg_color__hover_enabled=\u00a0\u00bboff\u00a0\u00bb button_two_bg_color__hover_enabled=\u00a0\u00bboff\u00a0\u00bb][\/et_pb_contact_field][\/et_pb_contact_form][\/et_pb_column][\/et_pb_row][\/et_pb_section][et_pb_section fb_built=\u00a0\u00bb1&Prime; _builder_version=\u00a0\u00bb4.6.5&Prime; _module_preset=\u00a0\u00bbdefault\u00a0\u00bb min_height=\u00a0\u00bb88px\u00a0\u00bb custom_margin=\u00a0\u00bb0px||0px||false|false\u00a0\u00bb custom_padding=\u00a0\u00bb0px||0px||false|false\u00a0\u00bb global_module=\u00a0\u00bb176&Prime;][et_pb_row use_custom_gutter=\u00a0\u00bbon\u00a0\u00bb gutter_width=\u00a0\u00bb1&Prime; _builder_version=\u00a0\u00bb4.6.5&Prime; _module_preset=\u00a0\u00bbdefault\u00a0\u00bb width=\u00a0\u00bb100%\u00a0\u00bb custom_padding=\u00a0\u00bb0px||0px|||\u00a0\u00bb][et_pb_column type=\u00a0\u00bb4_4&Prime; _builder_version=\u00a0\u00bb4.6.5&Prime; _module_preset=\u00a0\u00bbdefault\u00a0\u00bb][et_pb_text _builder_version=\u00a0\u00bb4.6.5&Prime; _module_preset=\u00a0\u00bbdefault\u00a0\u00bb custom_margin=\u00a0\u00bb0px||0px||false|false\u00a0\u00bb custom_padding=\u00a0\u00bb0px||0px||false|false\u00a0\u00bb]<iframe id=\"map\" data-src=\"https:\/\/www.google.com\/maps\/embed?pb=!1m18!1m12!1m3!1d2798.4486661886826!2d-73.8276937842097!3d45.46076514169323!2m3!1f0!2f0!3f0!3m2!1i1024!2i768!4f13.1!3m3!1m2!1s0x4cc93c6c183afebb%3A0xb1be56e6e45d19bd!2s1%20Holiday%20Ave%2C%20Pointe-Claire%2C%20QC%20H9R%205N3!5e0!3m2!1sen!2sca!4v1601229447316!5m2!1sen!2sca\" width=\"1200\" height=\"300\" frameborder=\"0\" style=\"border:0;\" allowfullscreen=\"\" aria-hidden=\"false\" tabindex=\"0\" src=\"data:image\/svg+xml;base64,PHN2ZyB3aWR0aD0iMSIgaGVpZ2h0PSIxIiB4bWxucz0iaHR0cDovL3d3dy53My5vcmcvMjAwMC9zdmciPjwvc3ZnPg==\" class=\"lazyload\" data-load-mode=\"1\"><\/iframe>[\/et_pb_text][\/et_pb_column][\/et_pb_row][\/et_pb_section]<\/p>\n","protected":false},"excerpt":{"rendered":"<p>Communiquez avec nous pour programmer votre consultation GRATUITE, ou donnez-nous vos coordonn\u00e9es et nous vous r\u00e9pondrons d\u00e8s que possible.<\/p>\n","protected":false},"author":1,"featured_media":7563,"parent":0,"menu_order":40,"comment_status":"closed","ping_status":"closed","template":"","meta":{"_et_pb_use_builder":"on","_et_pb_old_content":"","_et_gb_content_width":"","footnotes":""},"class_list":["post-7882","page","type-page","status-publish","has-post-thumbnail","hentry"],"yoast_head":"<!-- This site is optimized with the Yoast SEO plugin v27.3 - https:\/\/yoast.com\/product\/yoast-seo-wordpress\/ -->\n<title>Communiquez avec nous - Everest Financial Services<\/title>\n<meta name=\"description\" content=\"Communiquez avec nous pour programmer votre consultation GRATUITE, ou donnez-nous vos coordonn\u00e9es et nous vous r\u00e9pondrons d\u00e8s que possible.\" \/>\n<meta name=\"robots\" content=\"index, follow, max-snippet:-1, max-image-preview:large, max-video-preview:-1\" \/>\n<link rel=\"canonical\" href=\"https:\/\/everestfinancial.ca\/fr\/communiquez-avec-nous\/\" \/>\n<meta property=\"og:locale\" content=\"fr_FR\" \/>\n<meta property=\"og:type\" content=\"article\" \/>\n<meta property=\"og:title\" content=\"Communiquez avec nous - Everest Financial Services\" \/>\n<meta property=\"og:description\" content=\"Communiquez avec nous pour programmer votre consultation GRATUITE, ou donnez-nous vos coordonn\u00e9es et nous vous r\u00e9pondrons d\u00e8s que possible.\" \/>\n<meta property=\"og:url\" content=\"https:\/\/everestfinancial.ca\/fr\/communiquez-avec-nous\/\" \/>\n<meta property=\"og:site_name\" content=\"Everest Financial Services\" \/>\n<meta property=\"article:publisher\" content=\"https:\/\/www.facebook.com\/EverestFinServ\/\" \/>\n<meta property=\"article:modified_time\" content=\"2020-12-15T19:43:56+00:00\" \/>\n<meta property=\"og:image\" content=\"https:\/\/everestfinancial.ca\/wp-content\/uploads\/2020\/10\/EverestFinancialServices_Contact.jpg\" \/>\n\t<meta property=\"og:image:width\" content=\"1200\" \/>\n\t<meta property=\"og:image:height\" content=\"600\" \/>\n\t<meta property=\"og:image:type\" content=\"image\/jpeg\" \/>\n<meta name=\"twitter:card\" content=\"summary_large_image\" \/>\n<meta name=\"twitter:site\" content=\"@EverestFinServ\" \/>\n<meta name=\"twitter:label1\" content=\"Dur\u00e9e de lecture estim\u00e9e\" \/>\n\t<meta name=\"twitter:data1\" content=\"6 minutes\" \/>\n<script type=\"application\/ld+json\" class=\"yoast-schema-graph\">{\"@context\":\"https:\\\/\\\/schema.org\",\"@graph\":[{\"@type\":\"WebPage\",\"@id\":\"https:\\\/\\\/everestfinancial.ca\\\/fr\\\/communiquez-avec-nous\\\/\",\"url\":\"https:\\\/\\\/everestfinancial.ca\\\/fr\\\/communiquez-avec-nous\\\/\",\"name\":\"Communiquez avec nous - Everest Financial Services\",\"isPartOf\":{\"@id\":\"https:\\\/\\\/everestfinancial.ca\\\/fr\\\/#website\"},\"primaryImageOfPage\":{\"@id\":\"https:\\\/\\\/everestfinancial.ca\\\/fr\\\/communiquez-avec-nous\\\/#primaryimage\"},\"image\":{\"@id\":\"https:\\\/\\\/everestfinancial.ca\\\/fr\\\/communiquez-avec-nous\\\/#primaryimage\"},\"thumbnailUrl\":\"https:\\\/\\\/everestfinancial.ca\\\/wp-content\\\/uploads\\\/2020\\\/10\\\/EverestFinancialServices_Contact.jpg\",\"datePublished\":\"2020-09-27T20:14:29+00:00\",\"dateModified\":\"2020-12-15T19:43:56+00:00\",\"description\":\"Communiquez avec nous pour programmer votre consultation GRATUITE, ou donnez-nous vos coordonn\u00e9es et nous vous r\u00e9pondrons d\u00e8s que possible.\",\"breadcrumb\":{\"@id\":\"https:\\\/\\\/everestfinancial.ca\\\/fr\\\/communiquez-avec-nous\\\/#breadcrumb\"},\"inLanguage\":\"fr-FR\",\"potentialAction\":[{\"@type\":\"ReadAction\",\"target\":[\"https:\\\/\\\/everestfinancial.ca\\\/fr\\\/communiquez-avec-nous\\\/\"]}]},{\"@type\":\"ImageObject\",\"inLanguage\":\"fr-FR\",\"@id\":\"https:\\\/\\\/everestfinancial.ca\\\/fr\\\/communiquez-avec-nous\\\/#primaryimage\",\"url\":\"https:\\\/\\\/everestfinancial.ca\\\/wp-content\\\/uploads\\\/2020\\\/10\\\/EverestFinancialServices_Contact.jpg\",\"contentUrl\":\"https:\\\/\\\/everestfinancial.ca\\\/wp-content\\\/uploads\\\/2020\\\/10\\\/EverestFinancialServices_Contact.jpg\",\"width\":1200,\"height\":600,\"caption\":\"Mountain Range\"},{\"@type\":\"BreadcrumbList\",\"@id\":\"https:\\\/\\\/everestfinancial.ca\\\/fr\\\/communiquez-avec-nous\\\/#breadcrumb\",\"itemListElement\":[{\"@type\":\"ListItem\",\"position\":1,\"name\":\"Home\",\"item\":\"https:\\\/\\\/everestfinancial.ca\\\/fr\\\/\"},{\"@type\":\"ListItem\",\"position\":2,\"name\":\"Communiquez avec nous\"}]},{\"@type\":\"WebSite\",\"@id\":\"https:\\\/\\\/everestfinancial.ca\\\/fr\\\/#website\",\"url\":\"https:\\\/\\\/everestfinancial.ca\\\/fr\\\/\",\"name\":\"Everest Financial Services\",\"description\":\"Reach your greatest financial heights with simplicity.\",\"publisher\":{\"@id\":\"https:\\\/\\\/everestfinancial.ca\\\/fr\\\/#organization\"},\"potentialAction\":[{\"@type\":\"SearchAction\",\"target\":{\"@type\":\"EntryPoint\",\"urlTemplate\":\"https:\\\/\\\/everestfinancial.ca\\\/fr\\\/?s={search_term_string}\"},\"query-input\":{\"@type\":\"PropertyValueSpecification\",\"valueRequired\":true,\"valueName\":\"search_term_string\"}}],\"inLanguage\":\"fr-FR\"},{\"@type\":\"Organization\",\"@id\":\"https:\\\/\\\/everestfinancial.ca\\\/fr\\\/#organization\",\"name\":\"Everest Financial Services\",\"url\":\"https:\\\/\\\/everestfinancial.ca\\\/fr\\\/\",\"logo\":{\"@type\":\"ImageObject\",\"inLanguage\":\"fr-FR\",\"@id\":\"https:\\\/\\\/everestfinancial.ca\\\/fr\\\/#\\\/schema\\\/logo\\\/image\\\/\",\"url\":\"https:\\\/\\\/everestfinancial.ca\\\/wp-content\\\/uploads\\\/2020\\\/09\\\/EverestFinancial_Logo_wWhiteBkgd_650px.png\",\"contentUrl\":\"https:\\\/\\\/everestfinancial.ca\\\/wp-content\\\/uploads\\\/2020\\\/09\\\/EverestFinancial_Logo_wWhiteBkgd_650px.png\",\"width\":650,\"height\":558,\"caption\":\"Everest Financial Services\"},\"image\":{\"@id\":\"https:\\\/\\\/everestfinancial.ca\\\/fr\\\/#\\\/schema\\\/logo\\\/image\\\/\"},\"sameAs\":[\"https:\\\/\\\/www.facebook.com\\\/EverestFinServ\\\/\",\"https:\\\/\\\/x.com\\\/EverestFinServ\",\"https:\\\/\\\/www.instagram.com\\\/everestfinserv\\\/?hl=en\",\"https:\\\/\\\/www.linkedin.com\\\/in\\\/steven-persaud-44251036\\\/\"]}]}<\/script>\n<!-- \/ Yoast SEO plugin. -->","yoast_head_json":{"title":"Communiquez avec nous - Everest Financial Services","description":"Communiquez avec nous pour programmer votre consultation GRATUITE, ou donnez-nous vos coordonn\u00e9es et nous vous r\u00e9pondrons d\u00e8s que possible.","robots":{"index":"index","follow":"follow","max-snippet":"max-snippet:-1","max-image-preview":"max-image-preview:large","max-video-preview":"max-video-preview:-1"},"canonical":"https:\/\/everestfinancial.ca\/fr\/communiquez-avec-nous\/","og_locale":"fr_FR","og_type":"article","og_title":"Communiquez avec nous - Everest Financial Services","og_description":"Communiquez avec nous pour programmer votre consultation GRATUITE, ou donnez-nous vos coordonn\u00e9es et nous vous r\u00e9pondrons d\u00e8s que possible.","og_url":"https:\/\/everestfinancial.ca\/fr\/communiquez-avec-nous\/","og_site_name":"Everest Financial Services","article_publisher":"https:\/\/www.facebook.com\/EverestFinServ\/","article_modified_time":"2020-12-15T19:43:56+00:00","og_image":[{"width":1200,"height":600,"url":"https:\/\/everestfinancial.ca\/wp-content\/uploads\/2020\/10\/EverestFinancialServices_Contact.jpg","type":"image\/jpeg"}],"twitter_card":"summary_large_image","twitter_site":"@EverestFinServ","twitter_misc":{"Dur\u00e9e de lecture estim\u00e9e":"6 minutes"},"schema":{"@context":"https:\/\/schema.org","@graph":[{"@type":"WebPage","@id":"https:\/\/everestfinancial.ca\/fr\/communiquez-avec-nous\/","url":"https:\/\/everestfinancial.ca\/fr\/communiquez-avec-nous\/","name":"Communiquez avec nous - Everest Financial Services","isPartOf":{"@id":"https:\/\/everestfinancial.ca\/fr\/#website"},"primaryImageOfPage":{"@id":"https:\/\/everestfinancial.ca\/fr\/communiquez-avec-nous\/#primaryimage"},"image":{"@id":"https:\/\/everestfinancial.ca\/fr\/communiquez-avec-nous\/#primaryimage"},"thumbnailUrl":"https:\/\/everestfinancial.ca\/wp-content\/uploads\/2020\/10\/EverestFinancialServices_Contact.jpg","datePublished":"2020-09-27T20:14:29+00:00","dateModified":"2020-12-15T19:43:56+00:00","description":"Communiquez avec nous pour programmer votre consultation GRATUITE, ou donnez-nous vos coordonn\u00e9es et nous vous r\u00e9pondrons d\u00e8s que possible.","breadcrumb":{"@id":"https:\/\/everestfinancial.ca\/fr\/communiquez-avec-nous\/#breadcrumb"},"inLanguage":"fr-FR","potentialAction":[{"@type":"ReadAction","target":["https:\/\/everestfinancial.ca\/fr\/communiquez-avec-nous\/"]}]},{"@type":"ImageObject","inLanguage":"fr-FR","@id":"https:\/\/everestfinancial.ca\/fr\/communiquez-avec-nous\/#primaryimage","url":"https:\/\/everestfinancial.ca\/wp-content\/uploads\/2020\/10\/EverestFinancialServices_Contact.jpg","contentUrl":"https:\/\/everestfinancial.ca\/wp-content\/uploads\/2020\/10\/EverestFinancialServices_Contact.jpg","width":1200,"height":600,"caption":"Mountain Range"},{"@type":"BreadcrumbList","@id":"https:\/\/everestfinancial.ca\/fr\/communiquez-avec-nous\/#breadcrumb","itemListElement":[{"@type":"ListItem","position":1,"name":"Home","item":"https:\/\/everestfinancial.ca\/fr\/"},{"@type":"ListItem","position":2,"name":"Communiquez avec nous"}]},{"@type":"WebSite","@id":"https:\/\/everestfinancial.ca\/fr\/#website","url":"https:\/\/everestfinancial.ca\/fr\/","name":"Everest Financial Services","description":"Reach your greatest financial heights with simplicity.","publisher":{"@id":"https:\/\/everestfinancial.ca\/fr\/#organization"},"potentialAction":[{"@type":"SearchAction","target":{"@type":"EntryPoint","urlTemplate":"https:\/\/everestfinancial.ca\/fr\/?s={search_term_string}"},"query-input":{"@type":"PropertyValueSpecification","valueRequired":true,"valueName":"search_term_string"}}],"inLanguage":"fr-FR"},{"@type":"Organization","@id":"https:\/\/everestfinancial.ca\/fr\/#organization","name":"Everest Financial Services","url":"https:\/\/everestfinancial.ca\/fr\/","logo":{"@type":"ImageObject","inLanguage":"fr-FR","@id":"https:\/\/everestfinancial.ca\/fr\/#\/schema\/logo\/image\/","url":"https:\/\/everestfinancial.ca\/wp-content\/uploads\/2020\/09\/EverestFinancial_Logo_wWhiteBkgd_650px.png","contentUrl":"https:\/\/everestfinancial.ca\/wp-content\/uploads\/2020\/09\/EverestFinancial_Logo_wWhiteBkgd_650px.png","width":650,"height":558,"caption":"Everest Financial Services"},"image":{"@id":"https:\/\/everestfinancial.ca\/fr\/#\/schema\/logo\/image\/"},"sameAs":["https:\/\/www.facebook.com\/EverestFinServ\/","https:\/\/x.com\/EverestFinServ","https:\/\/www.instagram.com\/everestfinserv\/?hl=en","https:\/\/www.linkedin.com\/in\/steven-persaud-44251036\/"]}]}},"_links":{"self":[{"href":"https:\/\/everestfinancial.ca\/fr\/wp-json\/wp\/v2\/pages\/7882","targetHints":{"allow":["GET"]}}],"collection":[{"href":"https:\/\/everestfinancial.ca\/fr\/wp-json\/wp\/v2\/pages"}],"about":[{"href":"https:\/\/everestfinancial.ca\/fr\/wp-json\/wp\/v2\/types\/page"}],"author":[{"embeddable":true,"href":"https:\/\/everestfinancial.ca\/fr\/wp-json\/wp\/v2\/users\/1"}],"replies":[{"embeddable":true,"href":"https:\/\/everestfinancial.ca\/fr\/wp-json\/wp\/v2\/comments?post=7882"}],"version-history":[{"count":0,"href":"https:\/\/everestfinancial.ca\/fr\/wp-json\/wp\/v2\/pages\/7882\/revisions"}],"wp:featuredmedia":[{"embeddable":true,"href":"https:\/\/everestfinancial.ca\/fr\/wp-json\/wp\/v2\/media\/7563"}],"wp:attachment":[{"href":"https:\/\/everestfinancial.ca\/fr\/wp-json\/wp\/v2\/media?parent=7882"}],"curies":[{"name":"wp","href":"https:\/\/api.w.org\/{rel}","templated":true}]}}