{"id":7906,"date":"2020-11-30T20:23:34","date_gmt":"2020-12-01T01:23:34","guid":{"rendered":"https:\/\/everestfinancial.ca\/legal-privacy-policy\/"},"modified":"2020-12-14T15:12:25","modified_gmt":"2020-12-14T20:12:25","slug":"politique-juridique-confidentialite","status":"publish","type":"page","link":"https:\/\/everestfinancial.ca\/fr\/politique-juridique-confidentialite\/","title":{"rendered":"Politique juridique et de confidentialit\u00e9"},"content":{"rendered":"\n<h3 class=\"wp-block-heading\"><strong>LICENCE RESTREINTE D\u2019UTILISATION<\/strong><\/h3>\n\n\n\n<p>Services Financiers Everest Inc. (la \u00ab soci\u00e9t\u00e9 \u00bb) vous octroie une licence restreinte vous permettant d\u2019afficher le contenu du pr\u00e9sent site sur votre ordinateur, de l\u2019imprimer, de le t\u00e9l\u00e9charger et de l\u2019utiliser uniquement \u00e0 des fins personnelles ou \u00e9ducatives et aux fins de traiter avec la soci\u00e9t\u00e9, pourvu que le contenu du site ne soit modifi\u00e9 d\u2019aucune fa\u00e7on et que tous les droits d\u2019auteur et autres avis soient pr\u00e9serv\u00e9s. Vous vous engagez \u00e0 ne pas d\u00e9stabiliser, d\u00e9t\u00e9riorer, entraver, alt\u00e9rer ou modifier le pr\u00e9sent site ou une partie quelconque de son contenu ni \u00e0 tenter de le faire, directement ou indirectement, ni \u00e0 permettre \u00e0 quiconque d\u2019agir ainsi. Vous vous engagez \u00e0 ne pas recueillir ni \u00e0 tenter de recueillir, directement ou indirectement, des renseignements sur des tiers, notamment des mots de passe et des comptes, ni \u00e0 permettre \u00e0 quiconque d\u2019agir ainsi. Pour utiliser le pr\u00e9sent site, vous devez avoir atteint l\u2019\u00e2ge minimum prescrit dans le ressort o\u00f9 vous r\u00e9sidez pour passer des contrats aff\u00e9rents \u00e0 des produits et services.<\/p>\n\n\n\n<p>Le pr\u00e9sent site vise seulement \u00e0 donner des renseignements g\u00e9n\u00e9raux et non \u00e0 vous offrir des conseils personnalis\u00e9s en mati\u00e8re de finance, d\u2019assurance, de droit, de comptabilit\u00e9, de fiscalit\u00e9 ou de tout autre domaine professionnel. Il n\u2019est pas con\u00e7u pour remplacer les recherches ind\u00e9pendantes ou les conseils personnels d\u2019un conseiller en s\u00e9curit\u00e9 financi\u00e8re de la soci\u00e9t\u00e9 ou de tout autre conseiller professionnel comp\u00e9tent.<\/p>\n\n\n\n<p>Le pr\u00e9sent site ne comporte aucun \u00e9l\u00e9ment qui constituerait une offre de vente ou d\u2019achat de produits ou de services de ses soci\u00e9t\u00e9s affili\u00e9es ou de ses fournisseurs. Tous les produits et services sont assujettis aux modalit\u00e9s et conditions de tout contrat applicable. Les produits et services, dont il peut \u00eatre fait mention dans le pr\u00e9sent site, ne sont offerts que dans la juridiction o\u00f9 ils peuvent \u00eatre vendus l\u00e9galement au Canada. La soci\u00e9t\u00e9 peut uniquement solliciter la vente de produits et services financiers pour lesquels elle poss\u00e8de une licence en bonne et due forme dans la juridiction o\u00f9 la vente a lieu. L\u2019utilisation et le contenu du pr\u00e9sent site, ainsi que les modalit\u00e9s et conditions qui y sont \u00e9nonc\u00e9es, seront r\u00e9gies par les lois de la province o\u00f9 la soci\u00e9t\u00e9 exerce ses activit\u00e9s, et vous vous engagez \u00e0 reconna\u00eetre la juridiction des tribunaux de cette province.<\/p>\n\n\n\n<div style=\"height:30px\" aria-hidden=\"true\" class=\"wp-block-spacer\"><\/div>\n\n\n\n<h3 class=\"wp-block-heading\"><strong>VIE PRIV\u00c9E ET CONFIDENTIALIT\u00c9<\/strong><\/h3>\n\n\n\n<p>Vous reconnaissez que la soci\u00e9t\u00e9 recueille et utilise les renseignements personnels aux fins des services offerts par l\u2019entremise du pr\u00e9sent site. Elle s\u2019engage \u00e0 respecter le caract\u00e8re priv\u00e9 et confidentiel des renseignements en conformit\u00e9 avec la loi en vigueur. Elle a \u00e9tabli et continuera de maintenir des mesures de protection appropri\u00e9es afin d\u2019assurer la s\u00e9curit\u00e9 et la confidentialit\u00e9 des renseignements personnels. Toutefois, vous reconnaissez et confirmez qu\u2019Internet n\u2019est pas un moyen de communication pouvant garantir le respect de la vie priv\u00e9e et la confidentialit\u00e9, et que les transmissions de renseignements sur Internet \u00e0 destination et en provenance du pr\u00e9sent site ne peuvent \u00eatre effectu\u00e9es actuellement en toute s\u00e9curit\u00e9 et en toute confidentialit\u00e9. L\u2019utilisation confidentielle du site ne peut \u00eatre garantie et vous reconnaissez que des tiers peuvent avoir acc\u00e8s aux renseignements fournis en cours d\u2019utilisation du site (y compris la transmission de donn\u00e9es \u00e0 ce site) ou les manipuler, et que ces renseignements peuvent leur \u00eatre divulgu\u00e9s. Sans restreindre la port\u00e9e de tout autre avertissement fourni par les pr\u00e9sentes, la soci\u00e9t\u00e9 ne sera pas responsable des dommages que vous ou un tiers pourriez subir par suite d\u2019une violation de la vie priv\u00e9e, de la confidentialit\u00e9 ou de la s\u00e9curit\u00e9. Si un nom d\u2019utilisateur et un mot de passe vous sont attribu\u00e9s pour acc\u00e9der \u00e0 une partie quelconque du site, vous convenez que vous serez responsable de toute utilisation de vos nom d\u2019utilisateur et mot de passe, y compris toute utilisation non autoris\u00e9e par vous, et que la soci\u00e9t\u00e9 ne sera pas tenue de confirmer l\u2019identit\u00e9 v\u00e9ritable ou les pouvoirs de quelque utilisateur que ce soit. Les instructions donn\u00e9es avec ces nom d\u2019utilisateur et mot de passe conf\u00e8rent \u00e0 la soci\u00e9t\u00e9 des pouvoirs suffisants pour ex\u00e9cuter toute op\u00e9ration ordonn\u00e9e en vertu des pr\u00e9sentes. Vous convenez d\u2019aviser imm\u00e9diatement la soci\u00e9t\u00e9 si la confidentialit\u00e9 de vos nom d\u2019utilisateur et mot de passe est compromise.<\/p>\n\n\n\n<div style=\"height:30px\" aria-hidden=\"true\" class=\"wp-block-spacer\"><\/div>\n\n\n\n<h3 class=\"wp-block-heading\"><strong>S\u00c9CURIT\u00c9 DU COURRIER \u00c9LECTRONIQUE<\/strong><\/h3>\n\n\n\n<p>La s\u00e9curit\u00e9 des communications effectu\u00e9es par courrier \u00e9lectronique ne peut \u00eatre garantie actuellement. Nous encourageons toute personne d\u00e9sirant communiquer ou envoyer des renseignements de caract\u00e8re priv\u00e9 ou confidentiel \u00e0 la soci\u00e9t\u00e9 \u00e0 utiliser un autre moyen.<\/p>\n\n\n\n<div style=\"height:30px\" aria-hidden=\"true\" class=\"wp-block-spacer\"><\/div>\n\n\n\n<h3 class=\"wp-block-heading\"><strong>DROITS D\u2019AUTEUR<\/strong><\/h3>\n\n\n\n<p>Le pr\u00e9sent site a \u00e9t\u00e9 con\u00e7u par la soci\u00e9t\u00e9. Son contenu est la propri\u00e9t\u00e9 de la soci\u00e9t\u00e9 et des tiers dont l\u2019information ou le mat\u00e9riel figurent dans le site. Toute l\u2019information et tout le mat\u00e9riel contenus dans le pr\u00e9sent site sont prot\u00e9g\u00e9s par les lois sur les droits d\u2019auteur, les marques de commerce et les droits de propri\u00e9t\u00e9 intellectuelle en vigueur au Canada et dans d\u2019autres pays. Sous r\u00e9serve de la licence restreinte d\u2019utilisation du pr\u00e9sent site \u00e9nonc\u00e9e ci-dessus, nul ne peut copier, redistribuer, reproduire ou republier sous quelque forme que ce soit le contenu du pr\u00e9sent site, ni se relier \u00e0 celui-ci ou \u00e0 son contenu de quelque mani\u00e8re que ce soit, notamment par liens hypertextes ou par cadres, sans obtenir le consentement \u00e9crit pr\u00e9alable de la soci\u00e9t\u00e9. Toute violation des droits de celle-ci peut entra\u00eener une action en justice.<\/p>\n\n\n\n<div style=\"height:30px\" aria-hidden=\"true\" class=\"wp-block-spacer\"><\/div>\n\n\n\n<h3 class=\"wp-block-heading\"><strong>MARQUES DE COMMERCE<\/strong><\/h3>\n\n\n\n<p>La soci\u00e9t\u00e9 d\u00e9tient ou a obtenu le droit d\u2019utiliser sous licence ou autrement les marques de commerce des biens et services fournis ou aff\u00e9rents \u00e0 ceux-ci. Les marques de commerce sont prot\u00e9g\u00e9es par les lois canadiennes et \u00e9trang\u00e8res sur les marques de commerce. Tous droits r\u00e9serv\u00e9s. L\u2019affichage des marques de commerce sur le pr\u00e9sent site ne doit en aucun cas \u00eatre interpr\u00e9t\u00e9 comme une licence implicite d\u2019utilisation de ces marques.<\/p>\n\n\n\n<div style=\"height:30px\" aria-hidden=\"true\" class=\"wp-block-spacer\"><\/div>\n\n\n\n<h3 class=\"wp-block-heading\"><strong>AVERTISSEMENT G\u00c9N\u00c9RAL<\/strong><\/h3>\n\n\n\n<p>Le contenu du pr\u00e9sent site n\u2019est offert qu\u2019\u00e0 des fins personnelles et \u00e9ducatives et aux fins de traiter avec la soci\u00e9t\u00e9, et il peut \u00eatre modifi\u00e9 sans pr\u00e9avis. Les renseignements diffus\u00e9s dans le pr\u00e9sent site sont suppos\u00e9s fiables et exacts lors de leur diffusion, mais la soci\u00e9t\u00e9 ne garantit pas qu\u2019ils soient exacts, complets, fiables, v\u00e9rifi\u00e9s ou exempts d\u2019erreurs.<\/p>\n\n\n\n<p>La soci\u00e9t\u00e9 ne fait aucune d\u00e9claration et ne donne aucune garantie, expresses ou tacites, touchant la convivialit\u00e9 ou l\u2019\u00e9tat du pr\u00e9sent site, ou sur le fait qu\u2019il fonctionnera sans interruption ni erreur, qu\u2019il fonctionnera en combinaison avec tout service ou logiciel utilis\u00e9 avec lui, qu\u2019il pourra \u00eatre constamment accessible avec tout logiciel de navigation ou que toute communication transmise \u00e0 ce site ou \u00e0 partir de celui-ci sera priv\u00e9e, confidentielle et s\u00fbre.<\/p>\n\n\n\n<p>LA SOCI\u00c9T\u00c9 EXCLUT EXPRESS\u00c9MENT TOUTES D\u00c9CLARATIONS, GARANTIES OU CONDITIONS, EXPRESSES OU TACITES, L\u00c9GISLATIVES OU AUTRES, NOTAMMENT LES GARANTIES ET CONDITIONS DE QUALIT\u00c9 MARCHANDE ET D\u2019AD\u00c9QUATION \u00c0 UN BESOIN PARTICULIER, D\u2019ABSENCE DE CONTREFA\u00c7ON, DE COMPATIBILIT\u00c9, DE PR\u00c9SENTATION EN TEMPS OPPORTUN, DE S\u00c9CURIT\u00c9 OU D\u2019EXACTITUDE, AINSI QUE TOUTES D\u00c9CLARATIONS, GARANTIES OU CONDITIONS POUVANT D\u00c9COULER DES RAPPORTS D\u2019AFFAIRES OU DE L\u2019USAGE DU COMMERCE.<\/p>\n\n\n\n<p>VOUS ASSUMEZ L\u2019ENTI\u00c8RE RESPONSABILIT\u00c9 DES RISQUES DE PERTE DE TOUTE NATURE R\u00c9SULTANT DE VOTRE UTILISATION DU PR\u00c9SENT SITE. Sans limiter la g\u00e9n\u00e9ralit\u00e9 de ce qui pr\u00e9c\u00e8de, vous reconnaissez et acceptez que ni la soci\u00e9t\u00e9, ni la London Life ou l\u2019une de ses soci\u00e9t\u00e9s affili\u00e9es, ni leurs directeurs, cadres, repr\u00e9sentants, employ\u00e9s ou agents ne seront responsables envers vous des pertes de donn\u00e9es, temps machine, pertes ou dommages de quelque nature que ce soit cons\u00e9cutifs ou attribuables de quelque mani\u00e8re que ce soit \u00e0 votre utilisation ou incapacit\u00e9 d\u2019utilisation du pr\u00e9sent site pour quelque raison que ce soit, ou \u00e0 toute action ou inaction de la part de la soci\u00e9t\u00e9, ou de tous dommages directs, indirects ou particuliers, m\u00eame si la soci\u00e9t\u00e9 a \u00e9t\u00e9 avis\u00e9e de ces possibilit\u00e9s, notamment la perte de profits, d\u2019occasions ou de revenus d\u2019affaires, la perte de client\u00e8le ou la non-r\u00e9alisation des \u00e9conomies escompt\u00e9es.<\/p>\n\n\n\n<p>Le pr\u00e9sent site contient des liens vers d\u2019autres sites qui ne sont d\u2019aucune mani\u00e8re mis \u00e0 jour ou g\u00e9r\u00e9s par la soci\u00e9t\u00e9. Ces liens ne sont fournis qu\u2019\u00e0 titre utilitaire et ne peuvent \u00eatre interpr\u00e9t\u00e9s comme un endossement par la soci\u00e9t\u00e9 ou par un tiers des produits, services, conseils, opinions ou autre contenu qui y figurent.<\/p>\n\n\n\n<div style=\"height:30px\" aria-hidden=\"true\" class=\"wp-block-spacer\"><\/div>\n\n\n\n<h3 class=\"wp-block-heading\"><strong>RENSEIGNEMENTS SUPPL\u00c9MENTAIRES<\/strong><\/h3>\n\n\n\n<p>Pour obtenir des renseignements suppl\u00e9mentaires sur les modalit\u00e9s et conditions d\u2019utilisation du pr\u00e9sent site ou pour demander l\u2019autorisation de reproduire ou de distribuer le contenu de ce site ou d\u2019une partie quelconque de celui-ci, veuillez communiquer avec la soci\u00e9t\u00e9.<\/p>\n\n\n\n<div style=\"height:100px\" aria-hidden=\"true\" class=\"wp-block-spacer\"><\/div>\n","protected":false},"excerpt":{"rendered":"<p>Elle s\u2019engage \u00e0 respecter le caract\u00e8re priv\u00e9 et confidentiel des renseignements en conformit\u00e9 avec la loi en vigueur.<\/p>\n","protected":false},"author":1,"featured_media":121,"parent":0,"menu_order":100,"comment_status":"closed","ping_status":"closed","template":"","meta":{"_et_pb_use_builder":"off","_et_pb_old_content":"","_et_gb_content_width":"","footnotes":""},"class_list":["post-7906","page","type-page","status-publish","has-post-thumbnail","hentry"],"yoast_head":"<!-- This site is optimized with the Yoast SEO plugin v27.3 - https:\/\/yoast.com\/product\/yoast-seo-wordpress\/ -->\n<title>Politique juridique et de confidentialit\u00e9 - Everest Financial Services<\/title>\n<meta name=\"description\" content=\"Elle s\u2019engage \u00e0 respecter le caract\u00e8re priv\u00e9 et confidentiel des renseignements en conformit\u00e9 avec la loi en vigueur.\" \/>\n<meta name=\"robots\" content=\"index, follow, max-snippet:-1, max-image-preview:large, max-video-preview:-1\" \/>\n<link rel=\"canonical\" href=\"https:\/\/everestfinancial.ca\/fr\/politique-juridique-confidentialite\/\" \/>\n<meta property=\"og:locale\" content=\"fr_FR\" \/>\n<meta property=\"og:type\" content=\"article\" \/>\n<meta property=\"og:title\" content=\"Politique juridique et de confidentialit\u00e9 - Everest Financial Services\" \/>\n<meta property=\"og:description\" content=\"Elle s\u2019engage \u00e0 respecter le caract\u00e8re priv\u00e9 et confidentiel des renseignements en conformit\u00e9 avec la loi en vigueur.\" \/>\n<meta property=\"og:url\" content=\"https:\/\/everestfinancial.ca\/fr\/politique-juridique-confidentialite\/\" \/>\n<meta property=\"og:site_name\" content=\"Everest Financial Services\" \/>\n<meta property=\"article:publisher\" content=\"https:\/\/www.facebook.com\/EverestFinServ\/\" \/>\n<meta property=\"article:modified_time\" content=\"2020-12-14T20:12:25+00:00\" \/>\n<meta property=\"og:image\" content=\"https:\/\/everestfinancial.ca\/wp-content\/uploads\/2020\/09\/EverestFinancial_Logo_wWhiteBkgd_650px.png\" \/>\n\t<meta property=\"og:image:width\" content=\"650\" \/>\n\t<meta property=\"og:image:height\" content=\"558\" \/>\n\t<meta property=\"og:image:type\" content=\"image\/png\" \/>\n<meta name=\"twitter:card\" content=\"summary_large_image\" \/>\n<meta name=\"twitter:site\" content=\"@EverestFinServ\" \/>\n<meta name=\"twitter:label1\" content=\"Dur\u00e9e de lecture estim\u00e9e\" \/>\n\t<meta name=\"twitter:data1\" content=\"8 minutes\" \/>\n<script type=\"application\/ld+json\" class=\"yoast-schema-graph\">{\"@context\":\"https:\\\/\\\/schema.org\",\"@graph\":[{\"@type\":\"WebPage\",\"@id\":\"https:\\\/\\\/everestfinancial.ca\\\/fr\\\/politique-juridique-confidentialite\\\/\",\"url\":\"https:\\\/\\\/everestfinancial.ca\\\/fr\\\/politique-juridique-confidentialite\\\/\",\"name\":\"Politique juridique et de confidentialit\u00e9 - Everest Financial Services\",\"isPartOf\":{\"@id\":\"https:\\\/\\\/everestfinancial.ca\\\/fr\\\/#website\"},\"primaryImageOfPage\":{\"@id\":\"https:\\\/\\\/everestfinancial.ca\\\/fr\\\/politique-juridique-confidentialite\\\/#primaryimage\"},\"image\":{\"@id\":\"https:\\\/\\\/everestfinancial.ca\\\/fr\\\/politique-juridique-confidentialite\\\/#primaryimage\"},\"thumbnailUrl\":\"https:\\\/\\\/everestfinancial.ca\\\/wp-content\\\/uploads\\\/2020\\\/09\\\/EverestFinancial_Logo_wWhiteBkgd_650px.png\",\"datePublished\":\"2020-12-01T01:23:34+00:00\",\"dateModified\":\"2020-12-14T20:12:25+00:00\",\"description\":\"Elle s\u2019engage \u00e0 respecter le caract\u00e8re priv\u00e9 et confidentiel des renseignements en conformit\u00e9 avec la loi en vigueur.\",\"breadcrumb\":{\"@id\":\"https:\\\/\\\/everestfinancial.ca\\\/fr\\\/politique-juridique-confidentialite\\\/#breadcrumb\"},\"inLanguage\":\"fr-FR\",\"potentialAction\":[{\"@type\":\"ReadAction\",\"target\":[\"https:\\\/\\\/everestfinancial.ca\\\/fr\\\/politique-juridique-confidentialite\\\/\"]}]},{\"@type\":\"ImageObject\",\"inLanguage\":\"fr-FR\",\"@id\":\"https:\\\/\\\/everestfinancial.ca\\\/fr\\\/politique-juridique-confidentialite\\\/#primaryimage\",\"url\":\"https:\\\/\\\/everestfinancial.ca\\\/wp-content\\\/uploads\\\/2020\\\/09\\\/EverestFinancial_Logo_wWhiteBkgd_650px.png\",\"contentUrl\":\"https:\\\/\\\/everestfinancial.ca\\\/wp-content\\\/uploads\\\/2020\\\/09\\\/EverestFinancial_Logo_wWhiteBkgd_650px.png\",\"width\":650,\"height\":558,\"caption\":\"Everest Financial Services Logo\"},{\"@type\":\"BreadcrumbList\",\"@id\":\"https:\\\/\\\/everestfinancial.ca\\\/fr\\\/politique-juridique-confidentialite\\\/#breadcrumb\",\"itemListElement\":[{\"@type\":\"ListItem\",\"position\":1,\"name\":\"Home\",\"item\":\"https:\\\/\\\/everestfinancial.ca\\\/fr\\\/\"},{\"@type\":\"ListItem\",\"position\":2,\"name\":\"Politique juridique et de confidentialit\u00e9\"}]},{\"@type\":\"WebSite\",\"@id\":\"https:\\\/\\\/everestfinancial.ca\\\/fr\\\/#website\",\"url\":\"https:\\\/\\\/everestfinancial.ca\\\/fr\\\/\",\"name\":\"Everest Financial Services\",\"description\":\"Reach your greatest financial heights with simplicity.\",\"publisher\":{\"@id\":\"https:\\\/\\\/everestfinancial.ca\\\/fr\\\/#organization\"},\"potentialAction\":[{\"@type\":\"SearchAction\",\"target\":{\"@type\":\"EntryPoint\",\"urlTemplate\":\"https:\\\/\\\/everestfinancial.ca\\\/fr\\\/?s={search_term_string}\"},\"query-input\":{\"@type\":\"PropertyValueSpecification\",\"valueRequired\":true,\"valueName\":\"search_term_string\"}}],\"inLanguage\":\"fr-FR\"},{\"@type\":\"Organization\",\"@id\":\"https:\\\/\\\/everestfinancial.ca\\\/fr\\\/#organization\",\"name\":\"Everest Financial Services\",\"url\":\"https:\\\/\\\/everestfinancial.ca\\\/fr\\\/\",\"logo\":{\"@type\":\"ImageObject\",\"inLanguage\":\"fr-FR\",\"@id\":\"https:\\\/\\\/everestfinancial.ca\\\/fr\\\/#\\\/schema\\\/logo\\\/image\\\/\",\"url\":\"https:\\\/\\\/everestfinancial.ca\\\/wp-content\\\/uploads\\\/2020\\\/09\\\/EverestFinancial_Logo_wWhiteBkgd_650px.png\",\"contentUrl\":\"https:\\\/\\\/everestfinancial.ca\\\/wp-content\\\/uploads\\\/2020\\\/09\\\/EverestFinancial_Logo_wWhiteBkgd_650px.png\",\"width\":650,\"height\":558,\"caption\":\"Everest Financial Services\"},\"image\":{\"@id\":\"https:\\\/\\\/everestfinancial.ca\\\/fr\\\/#\\\/schema\\\/logo\\\/image\\\/\"},\"sameAs\":[\"https:\\\/\\\/www.facebook.com\\\/EverestFinServ\\\/\",\"https:\\\/\\\/x.com\\\/EverestFinServ\",\"https:\\\/\\\/www.instagram.com\\\/everestfinserv\\\/?hl=en\",\"https:\\\/\\\/www.linkedin.com\\\/in\\\/steven-persaud-44251036\\\/\"]}]}<\/script>\n<!-- \/ Yoast SEO plugin. -->","yoast_head_json":{"title":"Politique juridique et de confidentialit\u00e9 - Everest Financial Services","description":"Elle s\u2019engage \u00e0 respecter le caract\u00e8re priv\u00e9 et confidentiel des renseignements en conformit\u00e9 avec la loi en vigueur.","robots":{"index":"index","follow":"follow","max-snippet":"max-snippet:-1","max-image-preview":"max-image-preview:large","max-video-preview":"max-video-preview:-1"},"canonical":"https:\/\/everestfinancial.ca\/fr\/politique-juridique-confidentialite\/","og_locale":"fr_FR","og_type":"article","og_title":"Politique juridique et de confidentialit\u00e9 - Everest Financial Services","og_description":"Elle s\u2019engage \u00e0 respecter le caract\u00e8re priv\u00e9 et confidentiel des renseignements en conformit\u00e9 avec la loi en vigueur.","og_url":"https:\/\/everestfinancial.ca\/fr\/politique-juridique-confidentialite\/","og_site_name":"Everest Financial Services","article_publisher":"https:\/\/www.facebook.com\/EverestFinServ\/","article_modified_time":"2020-12-14T20:12:25+00:00","og_image":[{"width":650,"height":558,"url":"https:\/\/everestfinancial.ca\/wp-content\/uploads\/2020\/09\/EverestFinancial_Logo_wWhiteBkgd_650px.png","type":"image\/png"}],"twitter_card":"summary_large_image","twitter_site":"@EverestFinServ","twitter_misc":{"Dur\u00e9e de lecture estim\u00e9e":"8 minutes"},"schema":{"@context":"https:\/\/schema.org","@graph":[{"@type":"WebPage","@id":"https:\/\/everestfinancial.ca\/fr\/politique-juridique-confidentialite\/","url":"https:\/\/everestfinancial.ca\/fr\/politique-juridique-confidentialite\/","name":"Politique juridique et de confidentialit\u00e9 - Everest Financial Services","isPartOf":{"@id":"https:\/\/everestfinancial.ca\/fr\/#website"},"primaryImageOfPage":{"@id":"https:\/\/everestfinancial.ca\/fr\/politique-juridique-confidentialite\/#primaryimage"},"image":{"@id":"https:\/\/everestfinancial.ca\/fr\/politique-juridique-confidentialite\/#primaryimage"},"thumbnailUrl":"https:\/\/everestfinancial.ca\/wp-content\/uploads\/2020\/09\/EverestFinancial_Logo_wWhiteBkgd_650px.png","datePublished":"2020-12-01T01:23:34+00:00","dateModified":"2020-12-14T20:12:25+00:00","description":"Elle s\u2019engage \u00e0 respecter le caract\u00e8re priv\u00e9 et confidentiel des renseignements en conformit\u00e9 avec la loi en vigueur.","breadcrumb":{"@id":"https:\/\/everestfinancial.ca\/fr\/politique-juridique-confidentialite\/#breadcrumb"},"inLanguage":"fr-FR","potentialAction":[{"@type":"ReadAction","target":["https:\/\/everestfinancial.ca\/fr\/politique-juridique-confidentialite\/"]}]},{"@type":"ImageObject","inLanguage":"fr-FR","@id":"https:\/\/everestfinancial.ca\/fr\/politique-juridique-confidentialite\/#primaryimage","url":"https:\/\/everestfinancial.ca\/wp-content\/uploads\/2020\/09\/EverestFinancial_Logo_wWhiteBkgd_650px.png","contentUrl":"https:\/\/everestfinancial.ca\/wp-content\/uploads\/2020\/09\/EverestFinancial_Logo_wWhiteBkgd_650px.png","width":650,"height":558,"caption":"Everest Financial Services Logo"},{"@type":"BreadcrumbList","@id":"https:\/\/everestfinancial.ca\/fr\/politique-juridique-confidentialite\/#breadcrumb","itemListElement":[{"@type":"ListItem","position":1,"name":"Home","item":"https:\/\/everestfinancial.ca\/fr\/"},{"@type":"ListItem","position":2,"name":"Politique juridique et de confidentialit\u00e9"}]},{"@type":"WebSite","@id":"https:\/\/everestfinancial.ca\/fr\/#website","url":"https:\/\/everestfinancial.ca\/fr\/","name":"Everest Financial Services","description":"Reach your greatest financial heights with simplicity.","publisher":{"@id":"https:\/\/everestfinancial.ca\/fr\/#organization"},"potentialAction":[{"@type":"SearchAction","target":{"@type":"EntryPoint","urlTemplate":"https:\/\/everestfinancial.ca\/fr\/?s={search_term_string}"},"query-input":{"@type":"PropertyValueSpecification","valueRequired":true,"valueName":"search_term_string"}}],"inLanguage":"fr-FR"},{"@type":"Organization","@id":"https:\/\/everestfinancial.ca\/fr\/#organization","name":"Everest Financial Services","url":"https:\/\/everestfinancial.ca\/fr\/","logo":{"@type":"ImageObject","inLanguage":"fr-FR","@id":"https:\/\/everestfinancial.ca\/fr\/#\/schema\/logo\/image\/","url":"https:\/\/everestfinancial.ca\/wp-content\/uploads\/2020\/09\/EverestFinancial_Logo_wWhiteBkgd_650px.png","contentUrl":"https:\/\/everestfinancial.ca\/wp-content\/uploads\/2020\/09\/EverestFinancial_Logo_wWhiteBkgd_650px.png","width":650,"height":558,"caption":"Everest Financial Services"},"image":{"@id":"https:\/\/everestfinancial.ca\/fr\/#\/schema\/logo\/image\/"},"sameAs":["https:\/\/www.facebook.com\/EverestFinServ\/","https:\/\/x.com\/EverestFinServ","https:\/\/www.instagram.com\/everestfinserv\/?hl=en","https:\/\/www.linkedin.com\/in\/steven-persaud-44251036\/"]}]}},"_links":{"self":[{"href":"https:\/\/everestfinancial.ca\/fr\/wp-json\/wp\/v2\/pages\/7906","targetHints":{"allow":["GET"]}}],"collection":[{"href":"https:\/\/everestfinancial.ca\/fr\/wp-json\/wp\/v2\/pages"}],"about":[{"href":"https:\/\/everestfinancial.ca\/fr\/wp-json\/wp\/v2\/types\/page"}],"author":[{"embeddable":true,"href":"https:\/\/everestfinancial.ca\/fr\/wp-json\/wp\/v2\/users\/1"}],"replies":[{"embeddable":true,"href":"https:\/\/everestfinancial.ca\/fr\/wp-json\/wp\/v2\/comments?post=7906"}],"version-history":[{"count":0,"href":"https:\/\/everestfinancial.ca\/fr\/wp-json\/wp\/v2\/pages\/7906\/revisions"}],"wp:featuredmedia":[{"embeddable":true,"href":"https:\/\/everestfinancial.ca\/fr\/wp-json\/wp\/v2\/media\/121"}],"wp:attachment":[{"href":"https:\/\/everestfinancial.ca\/fr\/wp-json\/wp\/v2\/media?parent=7906"}],"curies":[{"name":"wp","href":"https:\/\/api.w.org\/{rel}","templated":true}]}}